{"id":2901,"date":"2015-11-18T08:34:00","date_gmt":"2015-11-18T08:34:00","guid":{"rendered":"http:\/\/demo.thimpress.com\/eduma\/?page_id=2901"},"modified":"2024-03-07T20:42:03","modified_gmt":"2024-03-07T19:42:03","slug":"bienvenue","status":"publish","type":"page","link":"https:\/\/evib.priscanadgroup.com\/","title":{"rendered":"MOTS DE BIENVENUE"},"content":{"rendered":"<div id=\"op3-designer-element\">\n<div data-op3-children=\"1\"><div id=\"op3-element-22QYENtC\" class=\"op3-element \" data-op3-uuid=\"22QYENtC\" data-op3-gid=\"\" data-op3-element-type=\"section\" data-op3-element-spec=\"\" data-op3-element-caption=\"Section #22QYENtC\" data-op-visibility-hidden=\"0\" data-op-element-hidden=\"0\" data-op3-style-id=\"\" data-op3-has-children=\"1\"><div data-op3-element-container data-op3-sticky=\"0\" data-op3-sticky-active-desktop=\"1\" data-op3-sticky-active-tablet=\"1\" data-op3-sticky-active-mobile=\"0\" data-op3-sticky-top-desktop=\"0px\" data-op3-sticky-top-tablet=\"0px\" data-op3-sticky-top-mobile=\"0px\" data-op3-sticky-until=\"0\" data-op3-sticky-until-element=\"\"><div data-op3-children=\"2\"><div id=\"op3-element-fulgvIu8\" class=\"op3-element \" data-op3-uuid=\"fulgvIu8\" data-op3-gid=\"\" data-op3-element-type=\"row\" data-op3-element-spec=\"\" data-op3-element-caption=\"Row #fulgvIu8\" data-op-visibility-hidden=\"0\" data-op-element-hidden=\"0\" data-op3-style-id=\"\" data-op3-has-children=\"1\"><div data-op3-element-container data-op3-sticky=\"0\" data-op3-sticky-active-desktop=\"1\" data-op3-sticky-active-tablet=\"1\" data-op3-sticky-active-mobile=\"0\" data-op3-sticky-top-desktop=\"0px\" data-op3-sticky-top-tablet=\"0px\" data-op3-sticky-top-mobile=\"0px\" data-op3-sticky-until=\"0\" data-op3-sticky-until-element=\"\"><div data-op3-children=\"2\" data-op3-stack-columns-desktop=\"0\" data-op3-stack-columns-desktop-reverse=\"0\" data-op3-stack-columns-tablet=\"0\" data-op3-stack-columns-tablet-reverse=\"0\" data-op3-stack-columns-mobile=\"1\" data-op3-stack-columns-mobile-reverse=\"0\" data-op3-wrap-columns-desktop=\"0\" data-op3-wrap-columns-tablet=\"0\" data-op3-wrap-columns-mobile=\"0\"><div id=\"op3-element-yfuhJprg\" class=\"op3-element \" data-op3-uuid=\"yfuhJprg\" data-op3-gid=\"\" data-op3-element-type=\"column\" data-op3-element-spec=\"\" data-op3-element-caption=\"Column #yfuhJprg\" data-op-visibility-hidden=\"0\" data-op-element-hidden=\"0\" data-op3-style-id=\"\" data-op3-has-children=\"1\"><div class=\"op3-column-content op3-background-parent\"><div data-op3-element-container><div data-op3-children=\"1\"><div id=\"op3-element-2gW9T3SR\" class=\"op3-element \" data-op3-uuid=\"2gW9T3SR\" data-op3-gid=\"\" data-op3-element-type=\"image\" data-op3-element-spec=\"\" data-op3-element-caption=\"Image #2gW9T3SR\" data-op-visibility-hidden=\"0\" data-op-element-hidden=\"0\" data-op3-style-id=\"\" data-op3-has-children=\"0\"><figure class=\"op3-background-ancestor\"><div class=\"op3-image-overlay-container\"><img src=\"https:\/\/evib.priscanadgroup.com\/wp-content\/uploads\/2023\/12\/coach-2.png\" alt=\"\" title=\"coach (2)\" width=\"5472\" height=\"3648\" data-op3-attachment-id=\"14771\" \/><\/div><\/figure><\/div><\/div><\/div><\/div><\/div><div id=\"op3-element-PSkRSmHn\" class=\"op3-element \" data-op3-uuid=\"PSkRSmHn\" data-op3-gid=\"\" data-op3-element-type=\"column\" data-op3-element-spec=\"\" data-op3-element-caption=\"Column #PSkRSmHn\" data-op-visibility-hidden=\"0\" data-op-element-hidden=\"0\" data-op3-style-id=\"\" data-op3-has-children=\"1\"><div class=\"op3-column-content op3-background-parent\"><div data-op3-element-container><div data-op3-children=\"1\"><div id=\"op3-element-VCKWII3g\" class=\"op3-element \" data-op3-uuid=\"VCKWII3g\" data-op3-gid=\"\" data-op3-element-type=\"text\" data-op3-element-spec=\"\" data-op3-element-caption=\"Text Editor #VCKWII3g\" data-op-visibility-hidden=\"0\" data-op-element-hidden=\"0\" data-op3-style-id=\"\" data-op3-has-children=\"0\"><div class=\"op3-text-wrapper\"><div data-op3-contenteditable><p><br><\/p><p>Bonjour, je suis Coach Prisca, je vous souhaite la bienvenue sur le campus de EVIB,<br>l'Ecole de la Vie et du Business.<\/p><p>Au nom de l'\u00e9quipe de PRISCANAD GROUP, je vous souhaite la bienvenue sur le Campus EVID. C'est ici que sont regroup\u00e9s les contenus et les activit\u00e9s que vous d\u00e9couvrirez au fil des semaines.<\/p><p>Bonne d\u00e9couverte et bon travail!<\/p><p>Je me r\u00e9jouis de vous rencontrer bient\u00f4t,<\/p><p>Coach Prisca Nadine<\/p><\/div><\/div><\/div><\/div><\/div><\/div><\/div><\/div><\/div><\/div><div id=\"op3-element-638fSE7m\" class=\"op3-element \" data-op3-uuid=\"638fSE7m\" data-op3-gid=\"\" data-op3-element-type=\"row\" data-op3-element-spec=\"\" data-op3-element-caption=\"Row #638fSE7m\" data-op-visibility-hidden=\"0\" data-op-element-hidden=\"0\" data-op3-style-id=\"\" data-op3-has-children=\"1\"><div data-op3-element-container data-op3-sticky=\"0\" data-op3-sticky-active-desktop=\"1\" data-op3-sticky-active-tablet=\"1\" data-op3-sticky-active-mobile=\"0\" data-op3-sticky-top-desktop=\"0px\" data-op3-sticky-top-tablet=\"0px\" data-op3-sticky-top-mobile=\"0px\" data-op3-sticky-until=\"0\" data-op3-sticky-until-element=\"\"><div data-op3-children=\"2\" data-op3-stack-columns-desktop=\"0\" data-op3-stack-columns-desktop-reverse=\"0\" data-op3-stack-columns-tablet=\"0\" data-op3-stack-columns-tablet-reverse=\"0\" data-op3-stack-columns-mobile=\"1\" data-op3-stack-columns-mobile-reverse=\"0\" data-op3-wrap-columns-desktop=\"0\" data-op3-wrap-columns-tablet=\"0\" data-op3-wrap-columns-mobile=\"0\"><div id=\"op3-element-9zUGURBc\" class=\"op3-element \" data-op3-uuid=\"9zUGURBc\" data-op3-gid=\"\" data-op3-element-type=\"column\" data-op3-element-spec=\"\" data-op3-element-caption=\"Column #9zUGURBc\" data-op-visibility-hidden=\"0\" data-op-element-hidden=\"0\" data-op3-style-id=\"\" data-op3-has-children=\"1\"><div class=\"op3-column-content op3-background-parent\"><div data-op3-element-container><div data-op3-children=\"1\"><div id=\"op3-element-OX9n1vL2\" class=\"op3-element \" data-op3-uuid=\"OX9n1vL2\" data-op3-gid=\"\" data-op3-element-type=\"button\" data-op3-element-spec=\"\" data-op3-element-caption=\"Button #OX9n1vL2\" data-op-visibility-hidden=\"0\" data-op-element-hidden=\"0\" data-op3-style-id=\"\" data-op3-has-children=\"0\"><a href=\"https:\/\/evib.priscanadgroup.com\/courses\/\" class=\"op3-link op3-background-ancestor\" target=\"_self\"  data-op-action=\"link\" data-op-select-funnel-step=\"\" data-op3-smooth-scroll=\"0\" data-op-effect-style=\"\" data-op-effect-style-hover=\"\" data-op-courseaction=\"\"><div data-op3-background=\"overlay\"><\/div><div data-op3-border><\/div><div class=\"op3-text-container\"><div class=\"op3-text op3-html1\" data-op3-contenteditable><div>VOIR MES FORMATIONS<\/div><\/div><\/div><\/a><\/div><\/div><\/div><\/div><\/div><div id=\"op3-element-HNPfxhec\" class=\"op3-element \" data-op3-uuid=\"HNPfxhec\" data-op3-gid=\"\" data-op3-element-type=\"column\" data-op3-element-spec=\"\" data-op3-element-caption=\"Column #HNPfxhec\" data-op-visibility-hidden=\"0\" data-op-element-hidden=\"0\" data-op3-style-id=\"\" data-op3-has-children=\"1\"><div class=\"op3-column-content op3-background-parent\"><div data-op3-element-container><div data-op3-children=\"1\"><div id=\"op3-element-jIH4Rmup\" class=\"op3-element \" data-op3-uuid=\"jIH4Rmup\" data-op3-gid=\"\" data-op3-element-type=\"button\" data-op3-element-spec=\"\" data-op3-element-caption=\"Button #jIH4Rmup\" data-op-visibility-hidden=\"0\" data-op-element-hidden=\"0\" data-op3-style-id=\"\" data-op3-has-children=\"0\"><a href=\"https:\/\/evib.priscanadgroup.com\/profile\/\" class=\"op3-link op3-background-ancestor\" target=\"_self\"  data-op-action=\"link\" data-op-select-funnel-step=\"\" data-op3-smooth-scroll=\"0\" data-op-effect-style=\"\" data-op-effect-style-hover=\"\" data-op-courseaction=\"\"><div data-op3-background=\"overlay\"><\/div><div data-op3-border><\/div><div class=\"op3-text-container\"><div class=\"op3-text op3-html1\" data-op3-contenteditable><div>VOIR MON PROFIL<\/div><\/div><\/div><\/a><\/div><\/div><\/div><\/div><\/div><\/div><\/div><\/div><\/div><\/div><\/div><\/div>\n<\/div><!-- #op3-designer-element -->\n","protected":false},"excerpt":{"rendered":"<p>Bonjour, je suis Coach Prisca, je vous souhaite la bienvenue sur le campus de EVIB,l&rsquo;Ecole de la Vie et du Business. Au nom de l&rsquo;\u00e9quipe de PRISCANAD GROUP, je vous souhaite la bienvenue sur le Campus EVID. C&rsquo;est ici que &hellip; <\/p>\n","protected":false},"author":1,"featured_media":0,"parent":0,"menu_order":0,"comment_status":"closed","ping_status":"closed","template":"","meta":{"footnotes":""},"class_list":["post-2901","page","type-page","status-publish","hentry"],"_links":{"self":[{"href":"https:\/\/evib.priscanadgroup.com\/index.php?rest_route=\/wp\/v2\/pages\/2901","targetHints":{"allow":["GET"]}}],"collection":[{"href":"https:\/\/evib.priscanadgroup.com\/index.php?rest_route=\/wp\/v2\/pages"}],"about":[{"href":"https:\/\/evib.priscanadgroup.com\/index.php?rest_route=\/wp\/v2\/types\/page"}],"author":[{"embeddable":true,"href":"https:\/\/evib.priscanadgroup.com\/index.php?rest_route=\/wp\/v2\/users\/1"}],"replies":[{"embeddable":true,"href":"https:\/\/evib.priscanadgroup.com\/index.php?rest_route=%2Fwp%2Fv2%2Fcomments&post=2901"}],"version-history":[{"count":42,"href":"https:\/\/evib.priscanadgroup.com\/index.php?rest_route=\/wp\/v2\/pages\/2901\/revisions"}],"predecessor-version":[{"id":14821,"href":"https:\/\/evib.priscanadgroup.com\/index.php?rest_route=\/wp\/v2\/pages\/2901\/revisions\/14821"}],"wp:attachment":[{"href":"https:\/\/evib.priscanadgroup.com\/index.php?rest_route=%2Fwp%2Fv2%2Fmedia&parent=2901"}],"curies":[{"name":"wp","href":"https:\/\/api.w.org\/{rel}","templated":true}]}}