{"id":25659,"date":"2024-02-26T17:05:18","date_gmt":"2024-02-26T16:05:18","guid":{"rendered":"https:\/\/priscanad.com\/?page_id=25659"},"modified":"2024-02-26T17:05:18","modified_gmt":"2024-02-26T16:05:18","slug":"maison-organisee","status":"publish","type":"page","link":"https:\/\/evib.priscanadgroup.com\/?page_id=25659","title":{"rendered":"Maison Organis\u00e9e"},"content":{"rendered":"<p><img loading=\"lazy\" decoding=\"async\" width=\"300\" height=\"123\" src=\"https:\/\/priscanad.com\/wp-content\/uploads\/2020\/04\/LOGO-011.png\" alt=\"\" \/><br \/>\n\t\t\t\t\t<a href=\"#acheter\"><br \/>\n\t\t\t\t\t\t\t\t\tObtenir maintenant<br \/>\n\t\t\t\t\t<\/a><\/p>\n<h3>Le Pack Maison Organis\u00e9e<\/h3>\n<h1>Le kit ultime pour g\u00e9rer ton foyer comme une pro !<\/h1>\n<p>Dites adieu au stress et \u00e0 la perte de temps avec notre Pack Maison Organis\u00e9e, le kit tout-en-un con\u00e7u pour simplifier la gestion de votre foyer.<\/p>\n<p>\t\t\t\t\t<a href=\"#acheter\"><br \/>\n\t\t\t\t\t\t\t\t\tCommander Maintenant<br \/>\n\t\t\t\t\t<\/a><br \/>\n\t\t\t\t\t\t\t\t\t\t\t\t\t\t\t<img loading=\"lazy\" decoding=\"async\" width=\"983\" height=\"711\" src=\"https:\/\/priscanad.com\/wp-content\/uploads\/2023\/09\/pack-maison.png\" alt=\"\" srcset=\"https:\/\/priscanad.com\/wp-content\/uploads\/2023\/09\/pack-maison.png 983w, https:\/\/priscanad.com\/wp-content\/uploads\/2023\/09\/pack-maison-300x217.png 300w, https:\/\/priscanad.com\/wp-content\/uploads\/2023\/09\/pack-maison-768x555.png 768w, https:\/\/priscanad.com\/wp-content\/uploads\/2023\/09\/pack-maison-700x506.png 700w\" sizes=\"auto, (max-width: 983px) 100vw, 983px\" \/><br \/>\n\t\t\tVentes<br \/>\n\t\t\t\t+<br \/>\n\t\t\t\t0<br \/>\n\t\t\tPersonnes coach\u00e9es<br \/>\n\t\t\t\t+<br \/>\n\t\t\t\t0<br \/>\n\t\t\tClientes satisfaites<br \/>\n\t\t\t\t%<br \/>\n\t\t\t\t0<\/p>\n<h6>Manque de temps et d&rsquo;\u00e9nergie : <\/h6>\n<h2>comment la transformer en havre de paix en un clin d&rsquo;\u0153il ?<\/h2>\n<p>Avant, ma famille passait en second plan apr\u00e8s mon travail. Je me disais toujours ceci : au travail je n\u2019ai pas le droit \u00e0 l\u2019erreur, car j\u2019ai besoin d\u2019argent pour prendre soin de ma famille, pour le \u00ab reste \u00bb on peut toujours rattraper.<\/p>\n<p>Sauf que quand il s\u2019agit de vie conjugale et de parentalit\u00e9, certaines erreurs se rattrapent dans la douleur.<\/p>\n<p>Quand je rentrais le soir je n\u2019avais qu\u2019une chose en t\u00eate, me reposer et fuir les demandes, pleurs et cris incessants de mes enfants. Le jour o\u00f9 j\u2019ai vraiment r\u00e9alis\u00e9 le probl\u00e8me, c\u2019est quand un soir, je voulais me jouer la bonne maman et mettre mon fils de deux ans au lit. Il m\u2019a tout de suite repouss\u00e9e r\u00e9clamant sa nounou. J\u2019ai eu honte. Je me disais ceci : comment ai-je pu en arriver l\u00e0 ? Je suis tomb\u00e9e bien bas. J\u2019ai pleur\u00e9 un bon moment. Puis, j&rsquo;ai repris les choses en main.<\/p>\n<p>Aujourd\u2019hui, je peux affirmer avec force que le plus beau cadeau que Dieu m\u2019a offert, c\u2019est ma famille.<br \/>\nMon mari et mes enfants (4) passent avant toute autre chose d\u00e9sormais.<br \/>\nJe prends plaisir \u00e0 organiser la maison, chaque moment que nous passons ensemble est de qualit\u00e9 .<\/p>\n<h2>Avec Le Pack Maison Organis\u00e9e, tu vas pouvoir :<br \/>\n<\/h2>\n<h4>Con\u00e7u \u00e0 la base pour mon utilisation personnelle, le Pack Maison Organis\u00e9e est tr\u00e8s vite devenu, depuis 2017, l\u2019outil favori que je partage avec mes clientes pour reprendre le contr\u00f4le de leur maison.<br \/>\n<\/h4>\n<ul>\n<li>\n\t\t\t\t\t\t\t\t\t\tGagner du temps et de l\u2019argent en planifiant tes repas et tes courses \u00e0 l\u2019avance, et en ma\u00eetrisant ton budget.\n\t\t\t\t\t\t\t\t\t<\/li>\n<li>\n\t\t\t\t\t\t\t\t\t\tR\u00e9duire ton stress et ta charge mentale en ayant une vision claire et globale de ton organisation.\n\t\t\t\t\t\t\t\t\t<\/li>\n<li>\n\t\t\t\t\t\t\t\t\t\tAm\u00e9liorer ton bien-\u00eatre et celui de ta famille en vivant dans un environnement sain, agr\u00e9able, et harmonieux.\n\t\t\t\t\t\t\t\t\t<\/li>\n<li>\n\t\t\t\t\t\t\t\t\t\tProfiter pleinement de chaque moment avec tes proches en leur proposant des activit\u00e9s fun et enrichissantes.\n\t\t\t\t\t\t\t\t\t<\/li>\n<li>\n\t\t\t\t\t\t\t\t\t\tTe sentir fi\u00e8re et \u00e9panouie en tant que femme, m\u00e8re, et ma\u00eetresse de maison.\n\t\t\t\t\t\t\t\t\t<\/li>\n<\/ul>\n<p>\t\t\t\t\t<a href=\"#acheter\"><br \/>\n\t\t\t\t\t\t\t\t\tCommander Maintenant<br \/>\n\t\t\t\t\t<\/a><br \/>\n\t\t\t\t\t\t\t\t\t\t\t\t\t\t\t<img loading=\"lazy\" decoding=\"async\" width=\"1280\" height=\"1280\" src=\"https:\/\/priscanad.com\/wp-content\/uploads\/2024\/02\/IMG_7881.webp\" alt=\"\" srcset=\"https:\/\/priscanad.com\/wp-content\/uploads\/2024\/02\/IMG_7881.webp 1280w, https:\/\/priscanad.com\/wp-content\/uploads\/2024\/02\/IMG_7881-300x300.webp 300w, https:\/\/priscanad.com\/wp-content\/uploads\/2024\/02\/IMG_7881-1024x1024.webp 1024w, https:\/\/priscanad.com\/wp-content\/uploads\/2024\/02\/IMG_7881-150x150.webp 150w, https:\/\/priscanad.com\/wp-content\/uploads\/2024\/02\/IMG_7881-768x768.webp 768w, https:\/\/priscanad.com\/wp-content\/uploads\/2024\/02\/IMG_7881-704x704.webp 704w, https:\/\/priscanad.com\/wp-content\/uploads\/2024\/02\/IMG_7881-500x500.webp 500w, https:\/\/priscanad.com\/wp-content\/uploads\/2024\/02\/IMG_7881-700x700.webp 700w, https:\/\/priscanad.com\/wp-content\/uploads\/2024\/02\/IMG_7881-100x100.webp 100w\" sizes=\"auto, (max-width: 1280px) 100vw, 1280px\" \/>\t\t\t\t\t\t\t\t\t\t\t\t\t\t\t<\/p>\n<h2>Voici ce que tu vas trouver dans ce pack :<br \/>\n<\/h2>\n<p>C\u2019est un ensemble de 6 outils pratiques et efficaces, con\u00e7us sp\u00e9cialement pour les femmes comme toi, qui veulent simplifier leur vie et optimiser leur gestion du foyer.<\/p>\n<p>\t\t\t\t\t\t\tMod\u00e8le de Budget Familial:\t\t\t\t\t\t<\/p>\n<p>\n\t\t\t\t\t\tPrenez le contr\u00f4le de vos finances familiales avec notre mod\u00e8le de budget. Planifiez vos d\u00e9penses, \u00e9conomisez intelligemment et atteignez vos objectifs financiers sans tracas.\t\t\t\t\t<\/p>\n<p>\t\t\t\t\t\t\t365 Jours de Menus \u00c9tablis:\t\t\t\t\t\t<\/p>\n<p>\n\t\t\t\t\t\tSimplifiez vos repas avec nos menus pr\u00e9\u00e9tablis pour chaque jour de Septembre 2023 \u00e0 Ao\u00fbt 2024. Dites adieu \u00e0 la question \u00ab\u00a0Qu&rsquo;est-ce qu&rsquo;on mange ce soir?\u00a0\u00bb et \u00e9conomisez du temps chaque jour.\t\t\t\t\t<\/p>\n<p>\t\t\t\t\t\t\tMod\u00e8les de Listes de Courses:\t\t\t\t\t\t<\/p>\n<p>\n\t\t\t\t\t\tGagnez du temps au march\u00e9 et au supermarch\u00e9 avec nos mod\u00e8les de listes de courses pratiques. Ne manquez jamais d&rsquo;essentiel et optimisez votre temps de course.\t\t\t\t\t<\/p>\n<p>\t\t\t\t\t\t\tPlanning de M\u00e9nage Efficace:\t\t\t\t\t\t<\/p>\n<p>\n\t\t\t\t\t\tTransformez le nettoyage de votre maison en une t\u00e2che g\u00e9rable avec notre planning de m\u00e9nage. Suivez chaque \u00e9tape et maintenez votre espace de vie impeccable sans effort.\n\t\t\t\t\t<\/p>\n<p>\t\t\t\t\t\t\t100 Id\u00e9es d&rsquo;Activit\u00e9s pour Enfants:\t\t\t\t\t\t<\/p>\n<p>\n\t\t\t\t\t\t\u00c9liminez l&rsquo;ennui avec notre liste d&rsquo;activit\u00e9s divertissantes pour passer du temps de qualit\u00e9 avec vos enfants. Cr\u00e9ez des souvenirs inoubliables tout en favorisant le d\u00e9veloppement de vos petits.\t\t\t\t\t<\/p>\n<p>\t\t\t\t\t\t\tFormation Pratique pour Organiser votre Maison:\t\t\t\t\t\t<\/p>\n<p>\n\t\t\t\t\t\tDevenez le ma\u00eetre de votre domaine avec notre formation pratique. Apprenez des astuces et des strat\u00e9gies pour organiser votre maison comme une reine, lib\u00e9rant ainsi du temps pour ce qui compte vraiment.\t\t\t\t\t<\/p>\n<p>\t\t\t\t\t\t\tPriscanad Family Planner\t\t\t\t\t\t<\/p>\n<p>\n\t\t\t\t\t\t200 pages de planification pour t\u2019aider \u00e0 prendre soin de ta famille tous les mois de l&rsquo;ann\u00e9e. \u00c7a fait du bien de planifier et de savoir que tout est sous contr\u00f4le. C\u2019est apaisant de consacrer une partie de sa journ\u00e9e \u00e0 la planification de tout ce qui concerne sa famille.\t\t\t\t\t<\/p>\n<p>\t\t\t\t\t\t\tPack 365 jours de pri\u00e8re\t\t\t\t\t\t<\/p>\n<p>\n\t\t\t\t\t\tDeviens cette femme de pri\u00e8re qui chaque jour porte sa famille aupr\u00e8s du tr\u00f4ne de Dieu. Avec ces 365 sujets de pri\u00e8res, en  famille, vous \u00e9tablissez les fondements d&rsquo;une vie de famille unie dans la foi.\n\t\t\t\t\t<\/p>\n<p>\t\t\t\t\t<a href=\"#acheter\"><br \/>\n\t\t\t\t\t\t\t\t\tCommander Maintenant<br \/>\n\t\t\t\t\t<\/a><br \/>\n\t\t\t\t\t\t\t\t\t\t\t\t\t\t\t<img loading=\"lazy\" decoding=\"async\" width=\"1000\" height=\"1092\" src=\"https:\/\/priscanad.com\/wp-content\/uploads\/2023\/08\/COACH-1.png\" alt=\"\" srcset=\"https:\/\/priscanad.com\/wp-content\/uploads\/2023\/08\/COACH-1.png 1000w, https:\/\/priscanad.com\/wp-content\/uploads\/2023\/08\/COACH-1-275x300.png 275w, https:\/\/priscanad.com\/wp-content\/uploads\/2023\/08\/COACH-1-938x1024.png 938w, https:\/\/priscanad.com\/wp-content\/uploads\/2023\/08\/COACH-1-768x839.png 768w, https:\/\/priscanad.com\/wp-content\/uploads\/2023\/08\/COACH-1-700x764.png 700w\" sizes=\"auto, (max-width: 1000px) 100vw, 1000px\" \/>\t\t\t\t\t\t\t\t\t\t\t\t\t\t\t<\/p>\n<h2>Qui suis-je ?<\/h2>\n<p>Hello, moi c&rsquo;est Coach Prisca Nadine<br \/>\nCEO de PRISCANAD GROUP<\/p>\n<p>Aux personnes ambitieuses d\u00e9bord\u00e9es, qui veulent avoir un \u00e9quilibre parfait dans chaque domaine de leur vie, j\u2019enseigne l\u2019organisation et la planification pour une vie saine, abondante et \u00e9panouie.\n<\/p>\n<h6>Apparition m\u00e9diatique<\/h6>\n<p>\t\t\t\t\t\t\t\t\t\t\t\t\t\t\t<img loading=\"lazy\" decoding=\"async\" width=\"1069\" height=\"130\" src=\"https:\/\/priscanad.com\/wp-content\/uploads\/2020\/04\/media2.png\" alt=\"\" srcset=\"https:\/\/priscanad.com\/wp-content\/uploads\/2020\/04\/media2.png 1069w, https:\/\/priscanad.com\/wp-content\/uploads\/2020\/04\/media2-700x85.png 700w, https:\/\/priscanad.com\/wp-content\/uploads\/2020\/04\/media2-300x36.png 300w, https:\/\/priscanad.com\/wp-content\/uploads\/2020\/04\/media2-1024x125.png 1024w, https:\/\/priscanad.com\/wp-content\/uploads\/2020\/04\/media2-768x93.png 768w\" sizes=\"auto, (max-width: 1069px) 100vw, 1069px\" \/><br \/>\n\t\t\t\t\t<a target=\"_blank\" rel=\"noopener\"><br \/>\n\t\t\t\t\t\tFacebook<br \/>\n\t\t\t\t\t\t\t\t\t\t\t<\/a><br \/>\n\t\t\t\t\t<a target=\"_blank\" rel=\"noopener\"><br \/>\n\t\t\t\t\t\tTwitter<br \/>\n\t\t\t\t\t\t\t\t\t\t\t<\/a><br \/>\n\t\t\t\t\t<a target=\"_blank\" rel=\"noopener\"><br \/>\n\t\t\t\t\t\tYoutube<br \/>\n\t\t\t\t\t\t\t\t\t\t\t<\/a><br \/>\n\t\t\t\t\t<a target=\"_blank\" rel=\"noopener\"><br \/>\n\t\t\t\t\t\tInstagram<br \/>\n\t\t\t\t\t\t\t\t\t\t\t<\/a><br \/>\n\t\t\t\t\t<a target=\"_blank\" rel=\"noopener\"><br \/>\n\t\t\t\t\t\tLinkedin<br \/>\n\t\t\t\t\t\t\t\t\t\t\t<\/a><\/p>\n<h4>Oui, je veux commander Le Pack Maison Organis\u00e9e !<\/h4>\n<p>Le Pack Maison Organis\u00e9e est la solution ultime pour prendre le contr\u00f4le de ton temps et cr\u00e9er un foyer heureux et harmonieux.<\/p>\n<p>\t\t\t\t\t<a href=\"#acheter\"><br \/>\n\t\t\t\t\t\t\t\t\tCommander Maintenant<br \/>\n\t\t\t\t\t<\/a><\/p>\n<h2>Ils l&rsquo;ont utilis\u00e9<\/h2>\n<p>Voici comment le Pack Maison Organis\u00e9e, aide beaucoup de m\u00e9nages au quotidien.<\/p>\n<p>\t\t\t\t\t\t\tLe pack maison organis\u00e9, c&rsquo;est une vraie p\u00e9pite.  Je r\u00e9ussis \u00e0 respecter ma liste de courses et je canalise mieux les d\u00e9penses de la maison et le g\u00e2chis de nourriture de la nounou gr\u00e2ce au menu 365 jours.<br \/>\n\t\t\t\t\t\t\t\t\t\t\t\t\t\tFlora<br \/>\n\t\t\t\t\t\t\t\t\t\t\t\t\t\t\t\t\t\t\t\t\t\tAbidjan<br \/>\n\t\t\t\t\t\t\tMoi, c&rsquo;est surtout le menu 365 jours et planning de m\u00e9nage que j&rsquo;ai beaucoup exploit\u00e9 d&rsquo;abord.  J&rsquo;ai essay\u00e9 de voir aussi le budget pour organiser mon march\u00e9 du mois.<br \/>\nMerci beaucoup<br \/>\n\t\t\t\t\t\t\t\t\t\t\t\t\t\tBernadette<br \/>\n\t\t\t\t\t\t\t\t\t\t\t\t\t\t\t\t\t\t\t\t\t\tAbidjan<br \/>\n\t\t\t\t\t\t\tOuiiiiiiiiiiiiiiiiiiiiiiii beaucoup c&rsquo;est une pepite ce pack \ud83e\udd70 Dieu vous b\u00e9nisse coach et vous inspire encore \ud83d\ude07<br \/>\nNow il faut de la discipline pour mettre en pratique et avoir une bonne organisation<br \/>\n\t\t\t\t\t\t\t\t\t\t\t\t\t\tLaurette<br \/>\n\t\t\t\t\t\t\t\t\t\t\t\t\t\t\t\t\t\t\t\t\t\tOuagadougou<\/p>\n<h2>Pr\u00eat.es \u00e0 gagner du temps dans<br \/>\nl&rsquo;organisation<br \/> de ta maison ?<br \/>\nFais ton choix !<\/h2>\n<h2>Menu 365 Jours simple<\/h2>\n<h6>Inclus<\/h6>\n<p>365 Jours de menus \u00e9tablis de Septembre 2023 \u00e0 Ao\u00fbt 2024<\/p>\n<h2>15.000 F CFA<\/h2>\n<p>\t\t\t\t\t<a href=\"https:\/\/forms.gle\/qd7Cw59Ruy6JbMFY9\"><br \/>\n\t\t\t\t\t\t\t\t\tAcheter maintenant<br \/>\n\t\t\t\t\t<\/a><\/p>\n<h2> Pack Maison Organis\u00e9e<\/h2>\n<h6>Inclus<\/h6>\n<p>Formation compl\u00e8te sur l&rsquo;organisation de sa maison et tous les outils de planification y compris le menu de 365 jours<\/p>\n<h2>25.000 F CFA<\/h2>\n<p>\t\t\t\t\t<a href=\"https:\/\/forms.gle\/qd7Cw59Ruy6JbMFY9\"><br \/>\n\t\t\t\t\t\t\t\t\tAcheter maintenant<br \/>\n\t\t\t\t\t<\/a><\/p>\n<ul>\n<li>\n\t\t\t\t\t\t\t\t\t\t\u00a9 Copyright PRISCANAD GROUP.  Tous droits r\u00e9serv\u00e9s.\n\t\t\t\t\t\t\t\t\t<\/li>\n<\/ul>\n<ul>\n<li>\n\t\t\t\t\t\t\t\t\t\tPolitique de confidentialit\u00e9\n\t\t\t\t\t\t\t\t\t<\/li>\n<li>\n\t\t\t\t\t\t\t\t\t\tMentions L\u00e9gales\n\t\t\t\t\t\t\t\t\t<\/li>\n<li>\n\t\t\t\t\t\t\t\t\t\tCGV\n\t\t\t\t\t\t\t\t\t<\/li>\n<\/ul>\n","protected":false},"excerpt":{"rendered":"<p>Obtenir maintenant Le Pack Maison Organis\u00e9e Le kit ultime pour g\u00e9rer ton foyer comme une pro ! Dites adieu au stress et \u00e0 la perte de temps avec notre Pack Maison Organis\u00e9e, le kit tout-en-un con\u00e7u pour simplifier la gestion &hellip; <\/p>\n","protected":false},"author":71,"featured_media":0,"parent":0,"menu_order":0,"comment_status":"closed","ping_status":"closed","template":"elementor_canvas","meta":{"footnotes":""},"class_list":["post-25659","page","type-page","status-publish","hentry"],"_links":{"self":[{"href":"https:\/\/evib.priscanadgroup.com\/index.php?rest_route=\/wp\/v2\/pages\/25659","targetHints":{"allow":["GET"]}}],"collection":[{"href":"https:\/\/evib.priscanadgroup.com\/index.php?rest_route=\/wp\/v2\/pages"}],"about":[{"href":"https:\/\/evib.priscanadgroup.com\/index.php?rest_route=\/wp\/v2\/types\/page"}],"author":[{"embeddable":true,"href":"https:\/\/evib.priscanadgroup.com\/index.php?rest_route=\/wp\/v2\/users\/71"}],"replies":[{"embeddable":true,"href":"https:\/\/evib.priscanadgroup.com\/index.php?rest_route=%2Fwp%2Fv2%2Fcomments&post=25659"}],"version-history":[{"count":0,"href":"https:\/\/evib.priscanadgroup.com\/index.php?rest_route=\/wp\/v2\/pages\/25659\/revisions"}],"wp:attachment":[{"href":"https:\/\/evib.priscanadgroup.com\/index.php?rest_route=%2Fwp%2Fv2%2Fmedia&parent=25659"}],"curies":[{"name":"wp","href":"https:\/\/api.w.org\/{rel}","templated":true}]}}