{"id":16156,"date":"2018-11-11T07:34:08","date_gmt":"2018-11-11T06:34:08","guid":{"rendered":"http:\/\/priscanad.com\/?page_id=16156"},"modified":"2018-11-11T07:34:08","modified_gmt":"2018-11-11T06:34:08","slug":"start","status":"publish","type":"page","link":"https:\/\/evib.priscanadgroup.com\/?page_id=16156","title":{"rendered":"COMMENCE ICI"},"content":{"rendered":"<p><strong>Es-tu une femme qui cherche \u00e0 trouver sa voie ?<\/strong><br \/>\n<strong>Tu sais que tu as du potentiel mais tu ne sais comment l\u2019exploiter ?<\/strong><br \/>\n<strong>Tu as peur d\u2019\u00e9chouer au point o\u00f9 tu profites pas de la vie ?<\/strong><br \/>\n<strong>Si tu as r\u00e9pondu \u00ab oui \u00bb \u00e0 l\u2019une de ces questions, sache que tu es au bon endroit et au bon moment !<\/strong><\/p>\n<p><strong>Ing\u00e9nieure en communication marketing et Coach de Vie Certifi\u00e9e, Prisca Nadine KOUACOU, totalise plus de dix ann\u00e9es d\u2019exp\u00e9riences professionnelles en entreprise. D\u2019assistante commerciale \u00e0 Weblogy Corporation (fondateur du site abidjan.net) \u00e0 charg\u00e9e de communication institutionnelle de MTN C\u00f4te d\u2019Ivoire et de Chemonics Ivoire (projet financ\u00e9 par l\u2019USAID), Prisca Nadine \u00e0 toujours sur donner le meilleur d\u2019elle-m\u00eame pour r\u00e9ussir les missions qui lui sont confi\u00e9es.<\/strong><\/p>\n<p><strong>Ces ann\u00e9es d\u2019exp\u00e9riences dans la communication, lui ont permis de cr\u00e9er Priscanad, une agence sp\u00e9cialis\u00e9e dans le coaching en d\u00e9veloppement personnel et en communication.Son blog (www.priscanad.com) d\u00e9di\u00e9 \u00e0 l\u2019\u00e9mancipation de la femme africaine qu\u2019elle a lanc\u00e9 en juin 2014 enregistrait trois mois plus tard pr\u00e8s de 12 000 pages vues et 3000 visiteurs.<\/strong><\/p>\n<p><strong>Enfin, Prisca Nadine KOUACOU, est la Pr\u00e9sidente de L\u2019ONG EFIFEM, une organisation qui offre aux jeunes filles d\u00e9scolaris\u00e9es et non scolaris\u00e9es de meilleures perspectives d\u2019avenir \u00e0 travers une formation et une \u00e9ducation de qualit\u00e9.<\/strong><\/p>\n<p><strong>Elle est l\u2019initiatrice du concours national d\u2019alphab\u00e9tisation d\u00e9nomm\u00e9 \u00ab J\u2019aime lire et \u00e9crire \u00bb sponsoris\u00e9e en 2015 par la Fondation Orange et C\u00f4te d\u2019Ivoire Telecom.<\/strong><\/p>\n<p><strong>Forte de ce succ\u00e8s et consciente de l\u2019importance dans TIC dans l\u2019\u00e9mancipation des femmes africaines, elle met ses connaissances au service des femmes \u00e0 travers des ateliers et des conf\u00e9rences. Elle est membre d\u2019honneur du TEDx Abidjan et l\u2019auteure du livre OSER LE POSITIF paru en Novembre 2018.<\/strong><\/p>\n<p><strong>Prisca Nadine KOUACOU \u00e0 35 ans, elle est mari\u00e9e et m\u00e8re de quatre enfants<\/strong><\/p>\n<p><strong>Priscanad, qui sommes-nous ? Priscanad est une entreprise sociale sp\u00e9cialis\u00e9e dans le coaching en d\u00e9veloppement personnel et dans l\u2019entreprenariat pour les femmes. Notre vision est de susciter une nouvelle g\u00e9n\u00e9ration de femmes africaines qui transcendent leurs conditions sociales pour devenir des femmes de valeurs, libres et heureuses.<\/strong><\/p>\n<p><strong>Ambitions<\/strong><\/p>\n<p><strong>Nous estimons que toute personne, dans ce monde, a des ambitions et doit se donner les moyens de les r\u00e9aliser. Nous voulons susciter des femmes ambitieuses, qui croient qu\u2019elles m\u00e9ritent le meilleur dans la vie !<\/strong><\/p>\n<p><strong>Dynamisme<\/strong><\/p>\n<p><strong>Bien qu\u2019\u00e9tant ambitieuses, nous croyons que la vie est dynamisme, est changement. Nous encourageons les femmes \u00e0 surmonter toutes les situations qui se pr\u00e9sentent \u00e0 elles. Nous les aidons \u00e0 trouver le meilleur dans tout ce qui leur arrive.<\/strong><\/p>\n<p><strong>Authenticit\u00e9<\/strong><\/p>\n<p><strong>Nous croyons au fait que les meilleures choses au monde sont naturelles et authentiques. Nous devons \u00eatre authentiques avec nous-m\u00eame avant de l\u2019exiger des autres.<\/strong><\/p>\n","protected":false},"excerpt":{"rendered":"<p>Es-tu une femme qui cherche \u00e0 trouver sa voie ? Tu sais que tu as du potentiel mais tu ne sais comment l\u2019exploiter ? Tu as peur d\u2019\u00e9chouer au point o\u00f9 tu profites pas de la vie ? Si tu &hellip; <\/p>\n","protected":false},"author":71,"featured_media":0,"parent":0,"menu_order":0,"comment_status":"closed","ping_status":"closed","template":"","meta":{"footnotes":""},"class_list":["post-16156","page","type-page","status-publish","hentry"],"_links":{"self":[{"href":"https:\/\/evib.priscanadgroup.com\/index.php?rest_route=\/wp\/v2\/pages\/16156","targetHints":{"allow":["GET"]}}],"collection":[{"href":"https:\/\/evib.priscanadgroup.com\/index.php?rest_route=\/wp\/v2\/pages"}],"about":[{"href":"https:\/\/evib.priscanadgroup.com\/index.php?rest_route=\/wp\/v2\/types\/page"}],"author":[{"embeddable":true,"href":"https:\/\/evib.priscanadgroup.com\/index.php?rest_route=\/wp\/v2\/users\/71"}],"replies":[{"embeddable":true,"href":"https:\/\/evib.priscanadgroup.com\/index.php?rest_route=%2Fwp%2Fv2%2Fcomments&post=16156"}],"version-history":[{"count":0,"href":"https:\/\/evib.priscanadgroup.com\/index.php?rest_route=\/wp\/v2\/pages\/16156\/revisions"}],"wp:attachment":[{"href":"https:\/\/evib.priscanadgroup.com\/index.php?rest_route=%2Fwp%2Fv2%2Fmedia&parent=16156"}],"curies":[{"name":"wp","href":"https:\/\/api.w.org\/{rel}","templated":true}]}}